{"id":32,"date":"2015-02-13T21:04:42","date_gmt":"2015-02-13T21:04:42","guid":{"rendered":"http:\/\/4-junge-hinterberger.de\/?page_id=32"},"modified":"2025-04-18T08:54:08","modified_gmt":"2025-04-18T06:54:08","slug":"andreas","status":"publish","type":"page","link":"https:\/\/4-junge-hinterberger.de\/?page_id=32","title":{"rendered":"Andreas Dr\u00e4xl, Tuba"},"content":{"rendered":"<p class=\"p1\"><span style=\"font-size: revert;\">Andreas Dr\u00e4xl \u00fcbernimmt f\u00fcr Andal<\/span><\/p>\n<p class=\"p1\"><span class=\"s2\">Nach vielen Jahren hat unser gesch\u00e4tzter Tubist Andal beschlossen, seine aktive Zeit bei den 4 jungen Hinterbergern zu beenden. Wir danken Andal herzlich f\u00fcr seinen Einsatz und w\u00fcnschen ihm f\u00fcr die Zukunft alles Gute.<\/span><\/p>\n<p class=\"p1\"><span class=\"s2\">Seit diesem Jahr freut es uns sehr, dass Andreas Dr\u00e4xl die Position des Tubisten in unserer Gruppe einnimmt. Er stammt aus einer musikalischen Familie; auch sein Vater ist ein leidenschaftlicher Tubist. Trotz seines jungen Alters spielt Andreas bei verschiedenen Besetzungen (Kranzhorn Musikanten, Nussdorfer Blaskapelle) mit und engagiert sich zudem in nahezu allen d\u00f6rflichen Vereinen seiner Heimatgemeinde. Sein Enthusiasmus und seine Verbundenheit zur traditionellen Musik werden zweifellos eine Bereicherung f\u00fcr unsere Band darstellen.<\/span><\/p>\n<p class=\"p1\"><span class=\"s2\">Wir hei\u00dfen Andreas herzlich willkommen und freuen uns auf die gemeinsamen musikalischen Auftritte. <\/span><\/p>\n","protected":false},"excerpt":{"rendered":"<p>Andreas Dr\u00e4xl \u00fcbernimmt f\u00fcr Andal Nach vielen Jahren hat unser gesch\u00e4tzter Tubist Andal beschlossen, seine aktive Zeit bei den 4 jungen Hinterbergern zu beenden. Wir danken Andal herzlich f\u00fcr seinen Einsatz und w\u00fcnschen ihm f\u00fcr die Zukunft alles Gute. Seit diesem Jahr freut es uns sehr, dass Andreas Dr\u00e4xl die &#8230;<\/p>\n","protected":false},"author":1,"featured_media":0,"parent":0,"menu_order":0,"comment_status":"closed","ping_status":"closed","template":"","meta":{"footnotes":""},"class_list":["post-32","page","type-page","status-publish","hentry","column","threecol"],"_links":{"self":[{"href":"https:\/\/4-junge-hinterberger.de\/index.php?rest_route=\/wp\/v2\/pages\/32","targetHints":{"allow":["GET"]}}],"collection":[{"href":"https:\/\/4-junge-hinterberger.de\/index.php?rest_route=\/wp\/v2\/pages"}],"about":[{"href":"https:\/\/4-junge-hinterberger.de\/index.php?rest_route=\/wp\/v2\/types\/page"}],"author":[{"embeddable":true,"href":"https:\/\/4-junge-hinterberger.de\/index.php?rest_route=\/wp\/v2\/users\/1"}],"replies":[{"embeddable":true,"href":"https:\/\/4-junge-hinterberger.de\/index.php?rest_route=%2Fwp%2Fv2%2Fcomments&post=32"}],"version-history":[{"count":7,"href":"https:\/\/4-junge-hinterberger.de\/index.php?rest_route=\/wp\/v2\/pages\/32\/revisions"}],"predecessor-version":[{"id":848,"href":"https:\/\/4-junge-hinterberger.de\/index.php?rest_route=\/wp\/v2\/pages\/32\/revisions\/848"}],"wp:attachment":[{"href":"https:\/\/4-junge-hinterberger.de\/index.php?rest_route=%2Fwp%2Fv2%2Fmedia&parent=32"}],"curies":[{"name":"wp","href":"https:\/\/api.w.org\/{rel}","templated":true}]}}