{"id":305,"date":"2017-03-22T19:28:28","date_gmt":"2017-03-22T19:28:28","guid":{"rendered":"http:\/\/4-junge-hinterberger.de\/?page_id=305"},"modified":"2023-04-15T19:34:36","modified_gmt":"2023-04-15T19:34:36","slug":"felix","status":"publish","type":"page","link":"https:\/\/4-junge-hinterberger.de\/?page_id=305","title":{"rendered":"Felix Grimm, Akkordeon"},"content":{"rendered":"<p><a href=\"https:\/\/4-junge-hinterberger.de\/wp-content\/uploads\/2023\/04\/IMG_7806-scaled.jpg\"><img loading=\"lazy\" decoding=\"async\" class=\"alignnone wp-image-664 size-full\" src=\"https:\/\/4-junge-hinterberger.de\/wp-content\/uploads\/2023\/04\/IMG_7806-scaled.jpg\" alt=\"\" width=\"1707\" height=\"2560\" srcset=\"https:\/\/4-junge-hinterberger.de\/wp-content\/uploads\/2023\/04\/IMG_7806-scaled.jpg 1707w, https:\/\/4-junge-hinterberger.de\/wp-content\/uploads\/2023\/04\/IMG_7806-200x300.jpg 200w, https:\/\/4-junge-hinterberger.de\/wp-content\/uploads\/2023\/04\/IMG_7806-683x1024.jpg 683w, https:\/\/4-junge-hinterberger.de\/wp-content\/uploads\/2023\/04\/IMG_7806-768x1152.jpg 768w, https:\/\/4-junge-hinterberger.de\/wp-content\/uploads\/2023\/04\/IMG_7806-1024x1536.jpg 1024w, https:\/\/4-junge-hinterberger.de\/wp-content\/uploads\/2023\/04\/IMG_7806-1365x2048.jpg 1365w, https:\/\/4-junge-hinterberger.de\/wp-content\/uploads\/2023\/04\/IMG_7806-700x1050.jpg 700w, https:\/\/4-junge-hinterberger.de\/wp-content\/uploads\/2023\/04\/IMG_7806-332x498.jpg 332w\" sizes=\"auto, (max-width: 1707px) 100vw, 1707px\" \/><\/a><\/p>\n<p>W\u00e4hrend der Andal in Frankreich seinem Studium nachging ist der Felix zu uns gesto\u00dfen und hat sich sofort als gro\u00dfer Gl\u00fccksgriff f\u00fcr die Rhythmus-Gruppe erwiesen. Seither begeistert der Felix neben einem \u00e4u\u00dferst pr\u00e4zisen Nachschlag auch mit sehr feinen melodi\u00f6sen Einw\u00fcrfen oder gekonnt interpretierten Soloteilen.<\/p>\n<p>Seiner gro\u00dfen Leidenschaft, der Oberkrainer-Musik, geht der Felix zusammen mit Florian beim Kaiser-Express nach und hilft uns damit nat\u00fcrlich bei der ein oder anderen Nummer aus diesem Genre gewaltig auf die Spr\u00fcnge.<\/p>\n<p>Im Alltag hingegen hilft unser gelernter Zimmermann als Hausmeister dem ein oder anderen Internatssch\u00fcler auf die Spr\u00fcnge, wenn diese den ehrw\u00fcrdigen Gem\u00e4uern nicht den geb\u00fchrenden Tribut zollen wollen.<\/p>\n<p>In unserer Gruppe k\u00fcmmert er sich zudem um die Chronik und h\u00e4lt unsere Erlebnisse in Bild und Schrift fest.<\/p>\n","protected":false},"excerpt":{"rendered":"<p>W\u00e4hrend der Andal in Frankreich seinem Studium nachging ist der Felix zu uns gesto\u00dfen und hat sich sofort als gro\u00dfer Gl\u00fccksgriff f\u00fcr die Rhythmus-Gruppe erwiesen. Seither begeistert der Felix neben einem \u00e4u\u00dferst pr\u00e4zisen Nachschlag auch mit sehr feinen melodi\u00f6sen Einw\u00fcrfen oder gekonnt interpretierten Soloteilen. Seiner gro\u00dfen Leidenschaft, der Oberkrainer-Musik, geht &#8230;<\/p>\n","protected":false},"author":1,"featured_media":0,"parent":0,"menu_order":0,"comment_status":"closed","ping_status":"closed","template":"","meta":{"footnotes":""},"class_list":["post-305","page","type-page","status-publish","hentry","column","threecol"],"_links":{"self":[{"href":"https:\/\/4-junge-hinterberger.de\/index.php?rest_route=\/wp\/v2\/pages\/305","targetHints":{"allow":["GET"]}}],"collection":[{"href":"https:\/\/4-junge-hinterberger.de\/index.php?rest_route=\/wp\/v2\/pages"}],"about":[{"href":"https:\/\/4-junge-hinterberger.de\/index.php?rest_route=\/wp\/v2\/types\/page"}],"author":[{"embeddable":true,"href":"https:\/\/4-junge-hinterberger.de\/index.php?rest_route=\/wp\/v2\/users\/1"}],"replies":[{"embeddable":true,"href":"https:\/\/4-junge-hinterberger.de\/index.php?rest_route=%2Fwp%2Fv2%2Fcomments&post=305"}],"version-history":[{"count":5,"href":"https:\/\/4-junge-hinterberger.de\/index.php?rest_route=\/wp\/v2\/pages\/305\/revisions"}],"predecessor-version":[{"id":665,"href":"https:\/\/4-junge-hinterberger.de\/index.php?rest_route=\/wp\/v2\/pages\/305\/revisions\/665"}],"wp:attachment":[{"href":"https:\/\/4-junge-hinterberger.de\/index.php?rest_route=%2Fwp%2Fv2%2Fmedia&parent=305"}],"curies":[{"name":"wp","href":"https:\/\/api.w.org\/{rel}","templated":true}]}}