{"id":27,"date":"2015-02-13T20:51:49","date_gmt":"2015-02-13T20:51:49","guid":{"rendered":"http:\/\/4-junge-hinterberger.de\/?page_id=27"},"modified":"2026-02-22T22:08:32","modified_gmt":"2026-02-22T20:08:32","slug":"florian","status":"publish","type":"page","link":"https:\/\/4-junge-hinterberger.de\/?page_id=27","title":{"rendered":"Joe Wieser, Fl\u00fcgelhorn"},"content":{"rendered":"<p class=\"p1\"><span class=\"s1\"><a href=\"https:\/\/4-junge-hinterberger.de\/wp-content\/uploads\/2025\/04\/Joe-Wieser-Homepage.jpg\"><img loading=\"lazy\" decoding=\"async\" class=\"size-medium wp-image-864 aligncenter\" src=\"https:\/\/4-junge-hinterberger.de\/wp-content\/uploads\/2025\/04\/Joe-Wieser-Homepage-245x300.jpg\" alt=\"\" width=\"245\" height=\"300\" srcset=\"https:\/\/4-junge-hinterberger.de\/wp-content\/uploads\/2025\/04\/Joe-Wieser-Homepage-245x300.jpg 245w, https:\/\/4-junge-hinterberger.de\/wp-content\/uploads\/2025\/04\/Joe-Wieser-Homepage-332x406.jpg 332w, https:\/\/4-junge-hinterberger.de\/wp-content\/uploads\/2025\/04\/Joe-Wieser-Homepage.jpg 432w\" sizes=\"auto, (max-width: 245px) 100vw, 245px\" \/><\/a><\/span><\/p>\n<p class=\"p1\" style=\"text-align: center;\"><span class=\"s1\">Joe Wieser \u00fcbernimmt f\u00fcr Florian<\/span><\/p>\n<p class=\"p1\"><span class=\"s2\">Nach einer l\u00e4ngeren Krankheitsphase hat sich unser Musikerkollege Florian entschieden, seine aktive Zeit bei uns zu beenden. Wir danken ihm von Herzen f\u00fcr seinen unerm\u00fcdlichen Einsatz und die vielen musikalischen Highlights, die er mit uns geteilt hat und w\u00fcnschen ihm f\u00fcr seine Gesundheit alles Gute.\u00a0<\/span><\/p>\n<p class=\"p1\"><span class=\"s2\">Wir freuen uns, dass Joe Wieser, langj\u00e4hriger Kapellmeister der Bundesmusikkapelle Erl, Florians Platz einnehmen wird. Mit seiner umfangreichen Erfahrung und musikalischen Leidenschaft wird Joe sowohl an der Trompete als auch am Fl\u00fcgelhorn neue Akzente setzen.<\/span><\/p>\n<p class=\"p1\"><span class=\"s2\">Mit Joe an Bord werden wir nicht nur musikalisch bereichert, sondern gewinnen auch an Erfahrung und Reife. Wir hei\u00dfen Joe herzlich willkommen und blicken voller Vorfreude auf die kommenden musikalischen Erlebnisse mit ihm.<\/span><\/p>\n","protected":false},"excerpt":{"rendered":"<p>Joe Wieser \u00fcbernimmt f\u00fcr Florian Nach einer l\u00e4ngeren Krankheitsphase hat sich unser Musikerkollege Florian entschieden, seine aktive Zeit bei uns zu beenden. Wir danken ihm von Herzen f\u00fcr seinen unerm\u00fcdlichen Einsatz und die vielen musikalischen Highlights, die er mit uns geteilt hat und w\u00fcnschen ihm f\u00fcr seine Gesundheit alles Gute.\u00a0 &#8230;<\/p>\n","protected":false},"author":1,"featured_media":864,"parent":0,"menu_order":0,"comment_status":"closed","ping_status":"closed","template":"","meta":{"footnotes":""},"class_list":["post-27","page","type-page","status-publish","has-post-thumbnail","hentry","column","threecol","has-thumbnail"],"_links":{"self":[{"href":"https:\/\/4-junge-hinterberger.de\/index.php?rest_route=\/wp\/v2\/pages\/27","targetHints":{"allow":["GET"]}}],"collection":[{"href":"https:\/\/4-junge-hinterberger.de\/index.php?rest_route=\/wp\/v2\/pages"}],"about":[{"href":"https:\/\/4-junge-hinterberger.de\/index.php?rest_route=\/wp\/v2\/types\/page"}],"author":[{"embeddable":true,"href":"https:\/\/4-junge-hinterberger.de\/index.php?rest_route=\/wp\/v2\/users\/1"}],"replies":[{"embeddable":true,"href":"https:\/\/4-junge-hinterberger.de\/index.php?rest_route=%2Fwp%2Fv2%2Fcomments&post=27"}],"version-history":[{"count":15,"href":"https:\/\/4-junge-hinterberger.de\/index.php?rest_route=\/wp\/v2\/pages\/27\/revisions"}],"predecessor-version":[{"id":899,"href":"https:\/\/4-junge-hinterberger.de\/index.php?rest_route=\/wp\/v2\/pages\/27\/revisions\/899"}],"wp:featuredmedia":[{"embeddable":true,"href":"https:\/\/4-junge-hinterberger.de\/index.php?rest_route=\/wp\/v2\/media\/864"}],"wp:attachment":[{"href":"https:\/\/4-junge-hinterberger.de\/index.php?rest_route=%2Fwp%2Fv2%2Fmedia&parent=27"}],"curies":[{"name":"wp","href":"https:\/\/api.w.org\/{rel}","templated":true}]}}