{"id":21,"date":"2015-02-13T20:51:20","date_gmt":"2015-02-13T20:51:20","guid":{"rendered":"http:\/\/4-junge-hinterberger.de\/?page_id=21"},"modified":"2023-04-22T09:02:19","modified_gmt":"2023-04-22T09:02:19","slug":"johannes","status":"publish","type":"page","link":"https:\/\/4-junge-hinterberger.de\/?page_id=21","title":{"rendered":"Johannes Obermeyer, Basstrompete"},"content":{"rendered":"<p><span style=\"font-size: revert;\"><a href=\"https:\/\/4-junge-hinterberger.de\/wp-content\/uploads\/2023\/04\/IMG_7801.jpg\"><img loading=\"lazy\" decoding=\"async\" class=\"alignnone size-full wp-image-679\" src=\"https:\/\/4-junge-hinterberger.de\/wp-content\/uploads\/2023\/04\/IMG_7801.jpg\" alt=\"\" width=\"1606\" height=\"1761\" srcset=\"https:\/\/4-junge-hinterberger.de\/wp-content\/uploads\/2023\/04\/IMG_7801.jpg 1606w, https:\/\/4-junge-hinterberger.de\/wp-content\/uploads\/2023\/04\/IMG_7801-274x300.jpg 274w, https:\/\/4-junge-hinterberger.de\/wp-content\/uploads\/2023\/04\/IMG_7801-934x1024.jpg 934w, https:\/\/4-junge-hinterberger.de\/wp-content\/uploads\/2023\/04\/IMG_7801-768x842.jpg 768w, https:\/\/4-junge-hinterberger.de\/wp-content\/uploads\/2023\/04\/IMG_7801-1401x1536.jpg 1401w, https:\/\/4-junge-hinterberger.de\/wp-content\/uploads\/2023\/04\/IMG_7801-700x768.jpg 700w, https:\/\/4-junge-hinterberger.de\/wp-content\/uploads\/2023\/04\/IMG_7801-332x364.jpg 332w\" sizes=\"auto, (max-width: 1606px) 100vw, 1606px\" \/><\/a>Als Gr\u00fcnder und Kopf der 4 jungen Hinterberger Musikanten \u00fcbernimmt da Hannes bei uns die erste Stimme. Mit seinem besonders weichen Ton sorgt er f\u00fcr die Eing\u00e4nglichkeit unserer Melodien und erweitert als Musikmeister unserer Repertoire kontinuierlich.<\/span><\/p>\n<p>Als Einziger der Gruppe machte Johannes sein Hobby zum Beruf und hat nach seinem Musikstudium in Innsbruck die Musikschulleitung in Hausham \u00fcbernommen.<\/p>\n<p>Neben der musikalischen Leitung ist da Hannes bei uns auch f\u00fcr die Organisation und Abrechnung der Auftritte zust\u00e4ndig. Bei Anfragen landet Ihr also immer zuerst bei Ihm!<\/p>\n","protected":false},"excerpt":{"rendered":"<p>Als Gr\u00fcnder und Kopf der 4 jungen Hinterberger Musikanten \u00fcbernimmt da Hannes bei uns die erste Stimme. Mit seinem besonders weichen Ton sorgt er f\u00fcr die Eing\u00e4nglichkeit unserer Melodien und erweitert als Musikmeister unserer Repertoire kontinuierlich. Als Einziger der Gruppe machte Johannes sein Hobby zum Beruf und hat nach seinem &#8230;<\/p>\n","protected":false},"author":1,"featured_media":0,"parent":0,"menu_order":0,"comment_status":"closed","ping_status":"closed","template":"","meta":{"footnotes":""},"class_list":["post-21","page","type-page","status-publish","hentry","column","threecol"],"_links":{"self":[{"href":"https:\/\/4-junge-hinterberger.de\/index.php?rest_route=\/wp\/v2\/pages\/21","targetHints":{"allow":["GET"]}}],"collection":[{"href":"https:\/\/4-junge-hinterberger.de\/index.php?rest_route=\/wp\/v2\/pages"}],"about":[{"href":"https:\/\/4-junge-hinterberger.de\/index.php?rest_route=\/wp\/v2\/types\/page"}],"author":[{"embeddable":true,"href":"https:\/\/4-junge-hinterberger.de\/index.php?rest_route=\/wp\/v2\/users\/1"}],"replies":[{"embeddable":true,"href":"https:\/\/4-junge-hinterberger.de\/index.php?rest_route=%2Fwp%2Fv2%2Fcomments&post=21"}],"version-history":[{"count":6,"href":"https:\/\/4-junge-hinterberger.de\/index.php?rest_route=\/wp\/v2\/pages\/21\/revisions"}],"predecessor-version":[{"id":681,"href":"https:\/\/4-junge-hinterberger.de\/index.php?rest_route=\/wp\/v2\/pages\/21\/revisions\/681"}],"wp:attachment":[{"href":"https:\/\/4-junge-hinterberger.de\/index.php?rest_route=%2Fwp%2Fv2%2Fmedia&parent=21"}],"curies":[{"name":"wp","href":"https:\/\/api.w.org\/{rel}","templated":true}]}}