{"id":126,"date":"2015-04-09T11:00:03","date_gmt":"2015-04-09T11:00:03","guid":{"rendered":"http:\/\/4-junge-hinterberger.de\/?page_id=126"},"modified":"2025-04-18T11:58:43","modified_gmt":"2025-04-18T09:58:43","slug":"die-4-jungen-hinterberber","status":"publish","type":"page","link":"https:\/\/4-junge-hinterberger.de\/","title":{"rendered":"Die 4 Jungen Hinterberger"},"content":{"rendered":"\n<p>Anfang 2010 hatte Johannes die Idee eine eigene Musikgruppe zu gr\u00fcnden, welche sich in ihrem musikalischen Stil an das Original, den 4 Hinterberger Musikanten anlehnt. So gr\u00fcndeten sich die 4 <strong>jungen<\/strong> Hinterberger Musikanten, was aber nicht zum Ausdruck bringen soll, dass das Original bereits fortgeschrittenen Alters ist.<\/p>\n\n\n\n<p>Bereits im Sommer 2010 konnten wir erste Auftritte neben der noch jungen Probenphase spielen und \u00fcber die Jahre ist es uns gelungen, ein sehr vielseitiges Programm anbieten zu k\u00f6nnen.<\/p>\n\n\n\n<p>Unser Repertoire reicht von traditioneller Volksmusik, \u00fcber teils klassische Musik, Oberkrainer-St\u00fccken, bis zu altbekannten Schlagern die auch zum Mitschunkeln und \u2013 singen anregen.<\/p>\n\n\n\n<p>Jedoch liegt unser musikalischer Schwerpunkt im Wesentlichen bei der Musik, die unserer Herkunft entspricht \u2013 Ehrliche, gmiatliche und in angemessener Lautst\u00e4rke dargebotene Volksmusik mit dem Bewusstsein unsere bayerische Kultur mit ihrer musikalisch einmaligen Art zu bewahren und zu erhalten.<\/p>\n\n\n\n<p>Speziell die Tatsache ohne Verst\u00e4rkung aufzutreten und dadurch auf jeder Veranstaltung untermalend und nicht gespr\u00e4chst\u00f6tend zu wirken, bringt uns immer wieder gro\u00dfe Begeisterung ein, was uns sehr freut.<\/p>\n","protected":false},"excerpt":{"rendered":"<p>Anfang 2010 hatte Johannes die Idee eine eigene Musikgruppe zu gr\u00fcnden, welche sich in ihrem musikalischen Stil an das Original, den 4 Hinterberger Musikanten anlehnt. So gr\u00fcndeten sich die 4 jungen Hinterberger Musikanten, was aber nicht zum Ausdruck bringen soll, dass das Original bereits fortgeschrittenen Alters ist. Bereits im Sommer &#8230;<\/p>\n","protected":false},"author":1,"featured_media":14,"parent":0,"menu_order":0,"comment_status":"closed","ping_status":"closed","template":"","meta":{"footnotes":""},"class_list":["post-126","page","type-page","status-publish","has-post-thumbnail","hentry","column","threecol","has-thumbnail"],"_links":{"self":[{"href":"https:\/\/4-junge-hinterberger.de\/index.php?rest_route=\/wp\/v2\/pages\/126","targetHints":{"allow":["GET"]}}],"collection":[{"href":"https:\/\/4-junge-hinterberger.de\/index.php?rest_route=\/wp\/v2\/pages"}],"about":[{"href":"https:\/\/4-junge-hinterberger.de\/index.php?rest_route=\/wp\/v2\/types\/page"}],"author":[{"embeddable":true,"href":"https:\/\/4-junge-hinterberger.de\/index.php?rest_route=\/wp\/v2\/users\/1"}],"replies":[{"embeddable":true,"href":"https:\/\/4-junge-hinterberger.de\/index.php?rest_route=%2Fwp%2Fv2%2Fcomments&post=126"}],"version-history":[{"count":3,"href":"https:\/\/4-junge-hinterberger.de\/index.php?rest_route=\/wp\/v2\/pages\/126\/revisions"}],"predecessor-version":[{"id":868,"href":"https:\/\/4-junge-hinterberger.de\/index.php?rest_route=\/wp\/v2\/pages\/126\/revisions\/868"}],"wp:featuredmedia":[{"embeddable":true,"href":"https:\/\/4-junge-hinterberger.de\/index.php?rest_route=\/wp\/v2\/media\/14"}],"wp:attachment":[{"href":"https:\/\/4-junge-hinterberger.de\/index.php?rest_route=%2Fwp%2Fv2%2Fmedia&parent=126"}],"curies":[{"name":"wp","href":"https:\/\/api.w.org\/{rel}","templated":true}]}}